{"id":4813,"date":"2021-08-17T17:08:35","date_gmt":"2021-08-17T17:08:35","guid":{"rendered":"https:\/\/casasdosacores.org\/en\/acessibilidade\/"},"modified":"2021-08-27T16:17:51","modified_gmt":"2021-08-27T16:17:51","slug":"acessibilidade","status":"publish","type":"page","link":"http:\/\/casasdosacores.org\/en\/acessibilidade\/","title":{"rendered":"Acessibilidade"},"content":{"rendered":"<h1>Declara\u00e7\u00e3o de Acessibilidade e Usabilidade<\/h1>\n<p><span class=\"mr mr-e-intro\">O<\/span>\u00a0<span class=\"mr mr-e-name\">Conselho Mundial das Casas dos A\u00e7ores<\/span>\u00a0compromete-se a disponibilizar\u00a0<span class=\"mr mr-t-type\"><span class=\"target-type\">o s\u00edtio Web<\/span><\/span>\u00a0<a class=\"siteurl\" href=\"https:\/\/casasdosacores.org\"><span class=\"mr mr-t-desc\"><span class=\"target-name\">Portal do Conselho Mundial das Casas dos A\u00e7ores<\/span><\/span><\/a>, em conformidade com o Decreto-Lei n.\u00ba 83\/2018, de 19 de outubro, que transp\u00f5e a Diretiva (UE) 2016\/2102 do Parlamento Europeu e do Conselho, relativa \u00e0 acessibilidade dos s\u00edtios Web e das aplica\u00e7\u00f5es m\u00f3veis.<\/p>\n<h2 id=\"n1\">I. Estado de conformidade<\/h2>\n<p class=\"capFL\"><span class=\"target-type\">O s\u00edtio Web<\/span>\u00a0<a class=\"siteurl\" href=\"https:\/\/casasdosacores.org\"><span class=\"target-name\">Portal do Conselho Mundial das Casas dos A\u00e7ores<\/span><\/a>\u00a0d<span class=\"lowFL\" data-printfilter=\"lowerfirst\">o<\/span> Conselho Mundial das Casas dos A\u00e7ores est\u00e1\u00a0<span class=\"mr mr-conformance-status\"><span class=\"conformance-output\">parcialmente conforme<\/span><\/span>\u00a0para com o Decreto-Lei n.\u00ba 83\/2018 de 19 de outubro.<\/p>\n<p>As n\u00e3o conformidades e\/ou isen\u00e7\u00f5es s\u00e3o indicadas abaixo.<\/p>\n<h3>N\u00e3o conformidades e\/ou alvo de isen\u00e7\u00f5es<\/h3>\n<p>A. Enumera\u00e7\u00e3o\u00a0<strong>das sec\u00e7\u00f5es \/ conte\u00fados \/ fun\u00e7\u00f5es<\/strong>\u00a0d<span class=\"target-type\">o s\u00edtio Web<\/span>\u00a0que n\u00e3o est\u00e3o conformes e\/ou alvo de isen\u00e7\u00e3o:<\/p>\n<ul class=\"mr mr-nonconf-sections\">\n<li>P\u00e1gina inicial, mapa mundo com a localiza\u00e7\u00e3o das Casas dos A\u00e7ores;<\/li>\n<li>P\u00e1gina inicial, navega\u00e7\u00e3o no menu Casas<\/li>\n<\/ul>\n<p>B.\u00a0<strong>Raz\u00f5es<\/strong>\u00a0que est\u00e3o na base da n\u00e3o conformidade dos conte\u00fados indicados acima:<\/p>\n<ul class=\"mr mr-nonconf-reasons\">\n<li>O modulo mapa obriga ao uso da tag area de forma tal que falha a valida\u00e7\u00e3o para o n\u00edvel A. A corre\u00e7\u00e3o desta inconformidade incorre encargos desproporcionados, em rela\u00e7\u00e3o aos quais foi invocada exce\u00e7\u00e3o tempor\u00e1ria no \u00e2mbito do artigo 6.\u00ba do Decreto-Lei n.\u00ba 83\/2018 e artigo 5.\u00ba da Diretiva (UE) 2016\/2102.<\/li>\n<\/ul>\n<p>C.\u00a0<strong>Alternativas acess\u00edveis<\/strong>\u00a0aos constrangimentos mencionados na presente sec\u00e7\u00e3o:<\/p>\n<ul class=\"mr mr-nonconf-alternatives\">\n<li>O acesso ao conte\u00fado do menu Casas na p\u00e1gina inicial do sitio web pode ser obtido atrav\u00e9s do menu lateral na mesma p\u00e1gina.<\/li>\n<\/ul>\n<h2 id=\"n2\">II. Elabora\u00e7\u00e3o da presente declara\u00e7\u00e3o de acessibilidade e usabilidade<\/h2>\n<p>Esta declara\u00e7\u00e3o foi atualizada a\u00a0<span class=\"mr mr-date\">2021-08-17<\/span>.<\/p>\n<p>De acordo com o artigo 9\u00ba do Decreto-Lei n.\u00ba 83\/2018, as entidades devem adotar os procedimentos de monitoriza\u00e7\u00e3o a seguir apresentados. Os procedimentos A) e B) s\u00e3o obrigat\u00f3rios. O procedimento C) \u00e9 recomendado.<\/p>\n<p><strong>A. Avalia\u00e7\u00f5es autom\u00e1ticas levadas a efeito<\/strong><\/p>\n<div class=\"mr mr-automatic-summary\">\n<ol>\n<li>(2021-08-17). Relat\u00f3rio:\u00a0<a href=\"https:\/\/accessmonitor.acessibilidade.gov.pt\/results\/http:%2F%2Fcasasdosacores.org\">Relat\u00f3rio de pr\u00e1ticas de acessibilidade Web (WCAG 2.1 do W3C)<\/a>\n<ul>\n<li>Ferramenta utilizada: accessMonitor vers\u00e3o 2.1<\/li>\n<li>Amostra: 1 p\u00e1ginas.<\/li>\n<li>Principais resultados (sum\u00e1rio): Foi obtida a classifica\u00e7\u00e3o 7.9 na escala do acessMonitor 2.1; A p\u00e1gina inicial do s\u00edtio web apresenta uma pratica n\u00e3o aceit\u00e1vel referente ao uso irregular da tag html area, relacionado com a utiliza\u00e7\u00e3o do elemento mapa.<\/li>\n<\/ul>\n<\/li>\n<\/ol>\n<\/div>\n<p><strong>B. Avalia\u00e7\u00f5es manuais levadas a efeito:<\/strong><\/p>\n<div class=\"mr mr-manual-summary\">\n<ol>\n<li>(2021-08-17). Relat\u00f3rio:\u00a0<a href=\"https:\/\/casasdosacores.org\/downloads\/sintese-10aspetos.xlsx\">Checklist 10 aspetos funcionais<\/a>\n<ul>\n<li>Amostra: 6 p\u00e1ginas.<\/li>\n<li>Principais resultados (heur\u00edsticas satisfeitas\/total heur\u00edsticas aplicadas): 12\/16<\/li>\n<\/ul>\n<\/li>\n<\/ol>\n<\/div>\n<p><strong>C. Testes de usabilidade com pessoas com defici\u00eancia:<\/strong><\/p>\n<p class=\"capFL\"><span class=\"target-type\">O s\u00edtio Web<\/span>\u00a0ainda n\u00e3o foi alvo de testes com utilizadores com defici\u00eancia.<\/p>\n<h2 id=\"n3\">III. Contacto e solicita\u00e7\u00e3o de informa\u00e7\u00e3o relativa\u00a0<span class=\"target-type nType\">ao s\u00edtio Web<\/span><\/h2>\n<p>Para contactar, enviar sugest\u00f5es, efetuar reclama\u00e7\u00f5es ou solicitar informa\u00e7\u00e3o adicional relativamente aos conte\u00fados e\/ou funcionalidades presentes n<span class=\"target-type\">o s\u00edtio Web<\/span>\u00a0d<span class=\"lowFL\" data-printfilter=\"lowerfirst\">o<\/span> Conselho Mundial das Casas dos A\u00e7ores, utilize, por favor, os seguintes meios:<\/p>\n<div class=\"mr mr-contacts\">\n<dl>\n<dt>Formul\u00e1rio de contacto<\/dt>\n<dd><a href=\"\/?page_id=1683\">https:\/\/casasdosacores.org\/contactos\/<\/a><\/dd>\n<\/dl>\n<\/div>\n<h2 id=\"n4\">IV. Outras evid\u00eancias<\/h2>\n<p>O Conselho Mundial das Casas dos A\u00e7ores n\u00e3o apresentou, aquando do preenchimento da presente Declara\u00e7\u00e3o, outras evid\u00eancias ou esfor\u00e7os para tornar o seu s\u00edtio Web conforme para com os requisitos de acessibilidade constantes do Decreto-Lei n.\u00ba 83\/2018, de 19 de outubro.<\/p>\n<h2 id=\"n5\">V. Den\u00fancia de situa\u00e7\u00f5es de discrimina\u00e7\u00e3o<\/h2>\n<p>De acordo com o n.\u00ba 1 do artigo 13.\u00ba do Decreto-Lei n.\u00ba 83\/2018, de 19 de outubro, sempre que uma pessoa com defici\u00eancia seja objeto de um tratamento menos favor\u00e1vel do que aquele que \u00e9, tenha sido ou venha a ser dado a outra pessoa em situa\u00e7\u00e3o compar\u00e1vel, que consubstancie uma pr\u00e1tica discriminat\u00f3ria contra pessoas com defici\u00eancia, prevista e punida nos termos do\u00a0<a href=\"http:\/\/data.dre.pt\/eli\/lei\/46\/2006\/08\/28\/p\/dre\/pt\/html\">artigo 4.\u00ba da Lei n.\u00ba 46\/2006, de 28 de agosto<\/a>, pode, essa pessoa, apresentar queixa, de acordo com o disposto no\u00a0<a href=\"https:\/\/data.dre.pt\/eli\/dec-lei\/34\/2007\/02\/15\/p\/dre\/pt\/html\">Decreto-Lei n.\u00ba 34\/2007, de 15 de fevereiro<\/a>.<\/p>\n<p>O Instituto Nacional para a Reabilita\u00e7\u00e3o (INR, I.P.), disponibiliza um\u00a0<a href=\"http:\/\/www.inr.pt\/resultados-de-pesquisa\/-\/journal_content\/56\/11309\/45065?p_p_auth=wje2GjQi\">formul\u00e1rio para denunciar situa\u00e7\u00f5es de discrimina\u00e7\u00e3o<\/a>, encaminhando as queixas apresentadas \u00e0s entidades competentes. Anualmente, o INR, I.P. elabora um relat\u00f3rio anual sobre a aplica\u00e7\u00e3o da lei que pro\u00edbe e pune a discrimina\u00e7\u00e3o em raz\u00e3o da defici\u00eancia e da exist\u00eancia de risco agravado de sa\u00fade (Lei n.o 46\/2006, de 28 de agosto).<\/p>\n<hr aria-hidden=\"true\" \/>\n<p>A presente Declara\u00e7\u00e3o de Acessibilidade e Usabilidade foi criada com o aux\u00edlio do\u00a0<a href=\"https:\/\/www.acessibilidade.gov.pt\/gerador\">Gerador WAI-Tools PT v1.5<\/a>, desenvolvido no \u00e2mbito do projeto\u00a0<a href=\"https:\/\/w3.org\/WAI\/Tools\">WAI-Tools<\/a>, de cujo cons\u00f3rcio a AMA \u00e9 parte integrante. A Declara\u00e7\u00e3o foi concebida em conformidade com o Decreto-Lei n.\u00ba 83\/2018, de 19 de outubro.<\/p>\n","protected":false},"excerpt":{"rendered":"<p>Declara\u00e7\u00e3o de Acessibilidade e Usabilidade O\u00a0Conselho Mundial das Casas dos A\u00e7ores\u00a0compromete-se a disponibilizar\u00a0o s\u00edtio Web\u00a0Portal do Conselho Mundial das Casas dos A\u00e7ores, em conformidade com o Decreto-Lei n.\u00ba 83\/2018, de 19 de outubro, que transp\u00f5e a Diretiva (UE) 2016\/2102 do Parlamento Europeu e do Conselho, relativa \u00e0 acessibilidade dos s\u00edtios Web e das aplica\u00e7\u00f5es m\u00f3veis. [&hellip;]<\/p>\n","protected":false},"author":1,"featured_media":0,"parent":0,"menu_order":0,"comment_status":"closed","ping_status":"closed","template":"","meta":[],"acf":[],"_links":{"self":[{"href":"http:\/\/casasdosacores.org\/en\/wp-json\/wp\/v2\/pages\/4813"}],"collection":[{"href":"http:\/\/casasdosacores.org\/en\/wp-json\/wp\/v2\/pages"}],"about":[{"href":"http:\/\/casasdosacores.org\/en\/wp-json\/wp\/v2\/types\/page"}],"author":[{"embeddable":true,"href":"http:\/\/casasdosacores.org\/en\/wp-json\/wp\/v2\/users\/1"}],"replies":[{"embeddable":true,"href":"http:\/\/casasdosacores.org\/en\/wp-json\/wp\/v2\/comments?post=4813"}],"version-history":[{"count":5,"href":"http:\/\/casasdosacores.org\/en\/wp-json\/wp\/v2\/pages\/4813\/revisions"}],"predecessor-version":[{"id":4903,"href":"http:\/\/casasdosacores.org\/en\/wp-json\/wp\/v2\/pages\/4813\/revisions\/4903"}],"wp:attachment":[{"href":"http:\/\/casasdosacores.org\/en\/wp-json\/wp\/v2\/media?parent=4813"}],"curies":[{"name":"wp","href":"https:\/\/api.w.org\/{rel}","templated":true}]}}